{"id":238,"date":"2020-05-02T16:33:50","date_gmt":"2020-05-02T16:33:50","guid":{"rendered":"https:\/\/kiroma.be\/?page_id=238"},"modified":"2020-05-02T20:56:59","modified_gmt":"2020-05-02T20:56:59","slug":"osteopathie-generale","status":"publish","type":"page","link":"https:\/\/kiroma.be\/?page_id=238","title":{"rendered":"Ost\u00e9opathie g\u00e9n\u00e9rale"},"content":{"rendered":"<p>[et_pb_section fb_built=\u00a0\u00bb1&Prime; admin_label=\u00a0\u00bbHeader\u00a0\u00bb _builder_version=\u00a0\u00bb4.4.5&Prime; use_background_color_gradient=\u00a0\u00bbon\u00a0\u00bb background_color_gradient_start=\u00a0\u00bbrgba(255,255,255,0.89)\u00a0\u00bb background_color_gradient_end=\u00a0\u00bbrgba(255,255,255,0)\u00a0\u00bb background_color_gradient_type=\u00a0\u00bbradial\u00a0\u00bb background_color_gradient_direction_radial=\u00a0\u00bbtop left\u00a0\u00bb background_color_gradient_start_position=\u00a0\u00bb30%\u00a0\u00bb background_color_gradient_end_position=\u00a0\u00bb80%\u00a0\u00bb background_color_gradient_overlays_image=\u00a0\u00bbon\u00a0\u00bb background_image=\u00a0\u00bbhttps:\/\/kiroma.be\/wp-content\/uploads\/2020\/05\/kiroma_cabinet-scaled.jpg\u00a0\u00bb custom_margin=\u00a0\u00bb|||\u00a0\u00bb custom_padding=\u00a0\u00bb8vw||8vw||true\u00a0\u00bb][et_pb_row _builder_version=\u00a0\u00bb3.25&Prime;][et_pb_column type=\u00a0\u00bb4_4&Prime; _builder_version=\u00a0\u00bb3.25&Prime; custom_padding=\u00a0\u00bb|||\u00a0\u00bb custom_padding__hover=\u00a0\u00bb|||\u00a0\u00bb][et_pb_text _builder_version=\u00a0\u00bb3.27.4&Prime; text_font=\u00a0\u00bb||||||||\u00a0\u00bb header_font=\u00a0\u00bbRaleway|700|||||||\u00a0\u00bb header_font_size=\u00a0\u00bb80px\u00a0\u00bb header_line_height=\u00a0\u00bb1.2em\u00a0\u00bb header_5_font=\u00a0\u00bbRaleway|700||on|||||\u00a0\u00bb header_5_text_color=\u00a0\u00bb#000000&Prime; header_5_font_size=\u00a0\u00bb20px\u00a0\u00bb header_5_letter_spacing=\u00a0\u00bb0.5em\u00a0\u00bb header_5_line_height=\u00a0\u00bb1.8em\u00a0\u00bb animation_style=\u00a0\u00bbzoom\u00a0\u00bb animation_intensity_zoom=\u00a0\u00bb5%\u00a0\u00bb header_font_size_tablet=\u00a0\u00bb48px\u00a0\u00bb header_font_size_phone=\u00a0\u00bb32px\u00a0\u00bb header_font_size_last_edited=\u00a0\u00bbon|phone\u00a0\u00bb header_5_font_size_tablet=\u00a0\u00bb14px\u00a0\u00bb header_5_font_size_phone=\u00a0\u00bb12px\u00a0\u00bb header_5_font_size_last_edited=\u00a0\u00bbon|desktop\u00a0\u00bb]<\/p>\n<h5><\/h5>\n<h1>Ost\u00e9opathie g\u00e9n\u00e9rale<\/h1>\n<p>[\/et_pb_text][\/et_pb_column][\/et_pb_row][\/et_pb_section][et_pb_section fb_built=\u00a0\u00bb1&Prime; admin_label=\u00a0\u00bbAbout\u00a0\u00bb _builder_version=\u00a0\u00bb3.22&Prime; custom_padding=\u00a0\u00bb4px|||||\u00a0\u00bb][et_pb_row column_structure=\u00a0\u00bb3_5,2_5&Prime; custom_padding_last_edited=\u00a0\u00bbon|desktop\u00a0\u00bb _builder_version=\u00a0\u00bb3.25&Prime; custom_padding=\u00a0\u00bb27px|2px|27px|3px|false|false\u00a0\u00bb custom_padding_tablet=\u00a0\u00bb|0px||0px||true\u00a0\u00bb custom_padding_phone=\u00a0\u00bb\u00a0\u00bb][et_pb_column type=\u00a0\u00bb3_5&Prime; _builder_version=\u00a0\u00bb3.25&Prime; custom_padding=\u00a0\u00bb|||\u00a0\u00bb custom_padding__hover=\u00a0\u00bb|||\u00a0\u00bb][et_pb_text _builder_version=\u00a0\u00bb4.4.5&Prime; custom_padding=\u00a0\u00bb42px|||||\u00a0\u00bb hover_enabled=\u00a0\u00bb0&Prime;]<\/p>\n<p style=\"text-align: left;\"><span>Si beaucoup de patients nous consultent avec une plainte douloureuse souvent associ\u00e9e \u00e0 un trouble du syst\u00e8me musculo-squelettique, la consultation en ost\u00e9opathie peut avoir un impact bien plus large :<\/span><\/p>\n<p>[\/et_pb_text][et_pb_text _builder_version=\u00a0\u00bb4.4.5&Prime; custom_padding=\u00a0\u00bb|||30px|false|false\u00a0\u00bb]<\/p>\n<ul>\n<li>Soulager la douleur aigue ou chronique, post traumatique ou d\u2019adaptation posturale : lombalgie, cervicalgie, torticolis, tendinopathie,\u2026<\/li>\n<li>Retrouver de la mobilit\u00e9 suite \u00e0 une intervention chirurgicale, qu&rsquo;elle soit orthop\u00e9dique, oncologique, esth\u00e9tique, \u2026 les cicatrices peuvent cr\u00e9er des adh\u00e9rences et entrainer des tensions.<\/li>\n<li>Am\u00e9liorer les sympt\u00f4mes au niveau de la sph\u00e8re c\u00e9phalique et ORL : migraine, c\u00e9phal\u00e9e, acouph\u00e8ne, \u2026<\/li>\n<li>Travailler sur le syst\u00e8me digestif global : constipation, diarrh\u00e9e, reflux gastro-oesophagien,\u2026<\/li>\n<li>Inclure des traitements au niveau de la sph\u00e8re uro-gyn\u00e9cologique : r\u00e8gles douloureuses, cystites \u00e0 r\u00e9p\u00e9tition, \u2026<\/li>\n<li>Traiter des troubles du syst\u00e8me circulatoire : jambes lourdes, h\u00e9morro\u00efdes,..<\/li>\n<li>Relancer une certaine dynamique apr\u00e8s une p\u00e9riode de stress, un deuil,\u2026<\/li>\n<li>Assurer un suivi, travailler en amont, r\u00e9aliser de la pr\u00e9vention<\/li>\n<\/ul>\n<p>[\/et_pb_text][\/et_pb_column][et_pb_column type=\u00a0\u00bb2_5&Prime; _builder_version=\u00a0\u00bb3.25&Prime; custom_padding=\u00a0\u00bb|||\u00a0\u00bb custom_padding__hover=\u00a0\u00bb|||\u00a0\u00bb][et_pb_image src=\u00a0\u00bbhttps:\/\/kiroma.be\/wp-content\/uploads\/2020\/05\/iStock-840678028-2.jpg\u00a0\u00bb title_text=\u00a0\u00bbiStock-840678028 (2)\u00a0\u00bb _builder_version=\u00a0\u00bb4.4.5&Prime; border_radii=\u00a0\u00bbon|100%|100%|100%|100%\u00a0\u00bb][\/et_pb_image][\/et_pb_column][\/et_pb_row][et_pb_row _builder_version=\u00a0\u00bb4.4.5&Prime;][et_pb_column type=\u00a0\u00bb4_4&Prime; _builder_version=\u00a0\u00bb4.4.5&Prime;][et_pb_text _builder_version=\u00a0\u00bb4.4.5&Prime;]<\/p>\n<div>Apr\u00e8s une anamn\u00e8se rigoureuse et un examen pr\u00e9cis, l\u2019ost\u00e9opathe est capable de distinguer s\u2019il peut prendre en charge le patient ou exclure un traitement. L\u2019ost\u00e9opathie ne se substitue aucunement \u00e0 la m\u00e9decine allopathique et ne peut pr\u00e9tendre tout gu\u00e9rir. Des examens compl\u00e9mentaires sont parfois n\u00e9cessaires, des sympt\u00f4mes \u00ab\u00a0redflags\u00a0\u00bb attirent notre attention et nous poussent \u00e0 rediriger notre patient chez son m\u00e9decin. Ce n\u2019est qu\u2019en collaborant entre diff\u00e9rents praticiens qu\u2019on peut potentialiser l\u2019am\u00e9lioration des sympt\u00f4mes.<\/div>\n<p>[\/et_pb_text][et_pb_text _builder_version=\u00a0\u00bb4.4.5&Prime;]<\/p>\n<p>Il ne sera pas rare que je vous donne des conseils pour votre vie quotidienne, des fiches d\u2019exercices\/\u00e9tirements \u00e0 r\u00e9aliser chez vous pour poursuivre le traitement r\u00e9alis\u00e9 au cabinet.<\/p>\n<p>La qualit\u00e9 du sommeil, une alimentation vari\u00e9e et surtout un apport en eau suffisant durant votre journ\u00e9e sont aussi des facteurs \u00e0 int\u00e9grer.<\/p>\n<p>[\/et_pb_text][et_pb_button button_url=\u00a0\u00bbhttps:\/\/www.app.oxteo.com:444\/reservation.html\/#\/login\/61B9964B-0098-4790-9602-4BAF6C6616C6&Prime; url_new_window=\u00a0\u00bbon\u00a0\u00bb button_text=\u00a0\u00bbPrendre rendez-vous\u00a0\u00bb button_alignment=\u00a0\u00bbcenter\u00a0\u00bb _builder_version=\u00a0\u00bb4.4.5&Prime; custom_button=\u00a0\u00bbon\u00a0\u00bb button_text_color=\u00a0\u00bb#ffffff\u00a0\u00bb button_bg_color=\u00a0\u00bb#b2b9c4&Prime; button_border_width=\u00a0\u00bb10px\u00a0\u00bb button_border_color=\u00a0\u00bbrgba(0,0,0,0)\u00a0\u00bb button_border_radius=\u00a0\u00bb0px\u00a0\u00bb button_font=\u00a0\u00bbRaleway|700|||||||\u00a0\u00bb custom_margin=\u00a0\u00bb0px||0px||false|false\u00a0\u00bb custom_padding=\u00a0\u00bb||||true|false\u00a0\u00bb button_border_radius__hover=\u00a0\u00bb0px\u00a0\u00bb button_border_radius__hover_enabled=\u00a0\u00bbon\u00a0\u00bb][\/et_pb_button][\/et_pb_column][\/et_pb_row][\/et_pb_section]<\/p>\n","protected":false},"excerpt":{"rendered":"<p>Ost\u00e9opathie g\u00e9n\u00e9raleSi beaucoup de patients nous consultent avec une plainte douloureuse souvent associ\u00e9e \u00e0 un trouble du syst\u00e8me musculo-squelettique, la consultation en ost\u00e9opathie peut avoir un impact bien plus large : Soulager la douleur aigue ou chronique, post traumatique ou d\u2019adaptation posturale : lombalgie, cervicalgie, torticolis, tendinopathie,\u2026 Retrouver de la mobilit\u00e9 suite \u00e0 une intervention [&hellip;]<\/p>\n","protected":false},"author":1,"featured_media":0,"parent":0,"menu_order":0,"comment_status":"closed","ping_status":"closed","template":"","meta":{"_et_pb_use_builder":"on","_et_pb_old_content":"","_et_gb_content_width":"","footnotes":""},"class_list":["post-238","page","type-page","status-publish","hentry"],"_links":{"self":[{"href":"https:\/\/kiroma.be\/index.php?rest_route=\/wp\/v2\/pages\/238","targetHints":{"allow":["GET"]}}],"collection":[{"href":"https:\/\/kiroma.be\/index.php?rest_route=\/wp\/v2\/pages"}],"about":[{"href":"https:\/\/kiroma.be\/index.php?rest_route=\/wp\/v2\/types\/page"}],"author":[{"embeddable":true,"href":"https:\/\/kiroma.be\/index.php?rest_route=\/wp\/v2\/users\/1"}],"replies":[{"embeddable":true,"href":"https:\/\/kiroma.be\/index.php?rest_route=%2Fwp%2Fv2%2Fcomments&post=238"}],"version-history":[{"count":12,"href":"https:\/\/kiroma.be\/index.php?rest_route=\/wp\/v2\/pages\/238\/revisions"}],"predecessor-version":[{"id":362,"href":"https:\/\/kiroma.be\/index.php?rest_route=\/wp\/v2\/pages\/238\/revisions\/362"}],"wp:attachment":[{"href":"https:\/\/kiroma.be\/index.php?rest_route=%2Fwp%2Fv2%2Fmedia&parent=238"}],"curies":[{"name":"wp","href":"https:\/\/api.w.org\/{rel}","templated":true}]}}