{"id":285,"date":"2020-05-02T19:05:58","date_gmt":"2020-05-02T19:05:58","guid":{"rendered":"https:\/\/kiroma.be\/?page_id=285"},"modified":"2020-05-03T19:02:22","modified_gmt":"2020-05-03T19:02:22","slug":"osteopathie-generale-3","status":"publish","type":"page","link":"https:\/\/kiroma.be\/?page_id=285","title":{"rendered":"Ost\u00e9opathie gyn\u00e9cologique"},"content":{"rendered":"<p>[et_pb_section fb_built=\u00a0\u00bb1&Prime; admin_label=\u00a0\u00bbHeader\u00a0\u00bb _builder_version=\u00a0\u00bb4.4.5&Prime; use_background_color_gradient=\u00a0\u00bbon\u00a0\u00bb background_color_gradient_start=\u00a0\u00bbrgba(255,255,255,0.89)\u00a0\u00bb background_color_gradient_end=\u00a0\u00bbrgba(255,255,255,0)\u00a0\u00bb background_color_gradient_type=\u00a0\u00bbradial\u00a0\u00bb background_color_gradient_direction_radial=\u00a0\u00bbtop left\u00a0\u00bb background_color_gradient_start_position=\u00a0\u00bb30%\u00a0\u00bb background_color_gradient_end_position=\u00a0\u00bb80%\u00a0\u00bb background_color_gradient_overlays_image=\u00a0\u00bbon\u00a0\u00bb background_image=\u00a0\u00bbhttps:\/\/kiroma.be\/wp-content\/uploads\/2020\/05\/kiroma_cabinet-scaled.jpg\u00a0\u00bb custom_margin=\u00a0\u00bb|||\u00a0\u00bb custom_padding=\u00a0\u00bb8vw||8vw||true\u00a0\u00bb][et_pb_row _builder_version=\u00a0\u00bb3.25&Prime; custom_padding=\u00a0\u00bb0px||0px|||\u00a0\u00bb][et_pb_column type=\u00a0\u00bb4_4&Prime; _builder_version=\u00a0\u00bb3.25&Prime; custom_padding=\u00a0\u00bb|||\u00a0\u00bb custom_padding__hover=\u00a0\u00bb|||\u00a0\u00bb][et_pb_text _builder_version=\u00a0\u00bb4.4.5&Prime; text_font=\u00a0\u00bb||||||||\u00a0\u00bb header_font=\u00a0\u00bbRaleway|700|||||||\u00a0\u00bb header_font_size=\u00a0\u00bb80px\u00a0\u00bb header_line_height=\u00a0\u00bb1.2em\u00a0\u00bb header_5_font=\u00a0\u00bbRaleway|700||on|||||\u00a0\u00bb header_5_text_color=\u00a0\u00bb#000000&Prime; header_5_font_size=\u00a0\u00bb20px\u00a0\u00bb header_5_letter_spacing=\u00a0\u00bb0.5em\u00a0\u00bb header_5_line_height=\u00a0\u00bb1.8em\u00a0\u00bb animation_style=\u00a0\u00bbzoom\u00a0\u00bb animation_intensity_zoom=\u00a0\u00bb5%\u00a0\u00bb header_font_size_tablet=\u00a0\u00bb48px\u00a0\u00bb header_font_size_phone=\u00a0\u00bb32px\u00a0\u00bb header_font_size_last_edited=\u00a0\u00bbon|phone\u00a0\u00bb header_5_font_size_tablet=\u00a0\u00bb14px\u00a0\u00bb header_5_font_size_phone=\u00a0\u00bb12px\u00a0\u00bb header_5_font_size_last_edited=\u00a0\u00bbon|desktop\u00a0\u00bb]<\/p>\n<h5><\/h5>\n<h1>Ost\u00e9opathie<\/h1>\n<h1>gyn\u00e9cologique<\/h1>\n<p>[\/et_pb_text][\/et_pb_column][\/et_pb_row][\/et_pb_section][et_pb_section fb_built=\u00a0\u00bb1&Prime; admin_label=\u00a0\u00bbAbout\u00a0\u00bb _builder_version=\u00a0\u00bb3.22&Prime; custom_padding=\u00a0\u00bb4px|||||\u00a0\u00bb][et_pb_row column_structure=\u00a0\u00bb3_5,2_5&Prime; custom_padding_last_edited=\u00a0\u00bbon|desktop\u00a0\u00bb _builder_version=\u00a0\u00bb3.25&Prime; custom_padding=\u00a0\u00bb27px|2px|27px|3px|false|false\u00a0\u00bb custom_padding_tablet=\u00a0\u00bb|0px||0px||true\u00a0\u00bb custom_padding_phone=\u00a0\u00bb\u00a0\u00bb][et_pb_column type=\u00a0\u00bb3_5&Prime; _builder_version=\u00a0\u00bb3.25&Prime; custom_padding=\u00a0\u00bb|||\u00a0\u00bb custom_padding__hover=\u00a0\u00bb|||\u00a0\u00bb][et_pb_text _builder_version=\u00a0\u00bb4.4.5&Prime; custom_padding=\u00a0\u00bb42px|||||\u00a0\u00bb]<\/p>\n<p><span>S\u2019il devient monnaie courante de penser \u00e0 l\u2019ost\u00e9opathie durant la grossesse pour toutes les recommandations d\u00e9crites dans l\u2019onglet ost\u00e9opathie p\u00e9rinatale, le terrain d\u2019action est plus large encore dans le domaine de la femme.<\/span><\/p>\n<p><span>L\u2019ost\u00e9opathie peut \u00eatre b\u00e9n\u00e9fique\u00a0:<\/span><\/p>\n<p>[\/et_pb_text][et_pb_text _builder_version=\u00a0\u00bb4.4.5&Prime; custom_padding=\u00a0\u00bb|||30px|false|false\u00a0\u00bb]<\/p>\n<ul>\n<li><span>En cas de r\u00e8gle douloureuse<\/span><\/li>\n<li><span>D\u00e8s le d\u00e9sir de grossesse, l\u2019aide \u00e0 la conception\u00a0: checker qu\u2019aucune tension dans le petit bassin ne l\u2019entrave.<\/span><\/li>\n<li><span>Apr\u00e8s une fausse couche, un curetage<\/span><\/li>\n<li><span>Apr\u00e8s une chirurgie, apr\u00e8s une \u00e9pisiotomie<\/span><\/li>\n<li><span>En cas de dyspareunie (douleur lors des rapports sexuels) <\/span><\/li>\n<li><span>En pr\u00e9sence d\u2019une n\u00e9vralgie du nerf pudendal ou de douleurs p\u00e9rin\u00e9ales<\/span><\/li>\n<\/ul>\n<p><span><\/span><\/p>\n<p>[\/et_pb_text][\/et_pb_column][et_pb_column type=\u00a0\u00bb2_5&Prime; _builder_version=\u00a0\u00bb3.25&Prime; custom_padding=\u00a0\u00bb|||\u00a0\u00bb custom_padding__hover=\u00a0\u00bb|||\u00a0\u00bb][et_pb_image src=\u00a0\u00bbhttps:\/\/kiroma.be\/wp-content\/uploads\/2020\/05\/iStock-854292120-1.jpg\u00a0\u00bb title_text=\u00a0\u00bbiStock-854292120 (1)\u00a0\u00bb _builder_version=\u00a0\u00bb4.4.5&Prime; border_radii=\u00a0\u00bbon|100%|100%|100%|100%\u00a0\u00bb][\/et_pb_image][\/et_pb_column][\/et_pb_row][et_pb_row _builder_version=\u00a0\u00bb4.4.5&Prime;][et_pb_column type=\u00a0\u00bb4_4&Prime; _builder_version=\u00a0\u00bb4.4.5&Prime;][et_pb_text _builder_version=\u00a0\u00bb4.4.5&Prime;]<\/p>\n<p><span>N\u2019h\u00e9sitez jamais \u00e0 me contacter pour en discuter et nous verrons ensemble comment vous apporter au mieux la meilleure aide.<\/span><\/p>\n<p>[\/et_pb_text][et_pb_button button_url=\u00a0\u00bbhttps:\/\/www.app.oxteo.com:444\/reservation.html\/#\/login\/61B9964B-0098-4790-9602-4BAF6C6616C6&Prime; url_new_window=\u00a0\u00bbon\u00a0\u00bb button_text=\u00a0\u00bbPrendre rendez-vous\u00a0\u00bb button_alignment=\u00a0\u00bbcenter\u00a0\u00bb _builder_version=\u00a0\u00bb4.4.5&Prime; custom_button=\u00a0\u00bbon\u00a0\u00bb button_text_color=\u00a0\u00bb#ffffff\u00a0\u00bb button_bg_color=\u00a0\u00bb#b2b9c4&Prime; button_border_width=\u00a0\u00bb10px\u00a0\u00bb button_border_color=\u00a0\u00bbrgba(0,0,0,0)\u00a0\u00bb button_border_radius=\u00a0\u00bb0px\u00a0\u00bb button_font=\u00a0\u00bbRaleway|700|||||||\u00a0\u00bb custom_margin=\u00a0\u00bb0px||||false|false\u00a0\u00bb custom_padding=\u00a0\u00bb0px||0px||true|\u00a0\u00bb button_border_radius__hover=\u00a0\u00bb0px\u00a0\u00bb button_border_radius__hover_enabled=\u00a0\u00bbon\u00a0\u00bb][\/et_pb_button][\/et_pb_column][\/et_pb_row][\/et_pb_section]<\/p>\n","protected":false},"excerpt":{"rendered":"<p>Ost\u00e9opathie gyn\u00e9cologiqueS\u2019il devient monnaie courante de penser \u00e0 l\u2019ost\u00e9opathie durant la grossesse pour toutes les recommandations d\u00e9crites dans l\u2019onglet ost\u00e9opathie p\u00e9rinatale, le terrain d\u2019action est plus large encore dans le domaine de la femme. L\u2019ost\u00e9opathie peut \u00eatre b\u00e9n\u00e9fique\u00a0: En cas de r\u00e8gle douloureuse D\u00e8s le d\u00e9sir de grossesse, l\u2019aide \u00e0 la conception\u00a0: checker qu\u2019aucune tension [&hellip;]<\/p>\n","protected":false},"author":1,"featured_media":0,"parent":0,"menu_order":0,"comment_status":"closed","ping_status":"closed","template":"","meta":{"_et_pb_use_builder":"on","_et_pb_old_content":"","_et_gb_content_width":"","footnotes":""},"class_list":["post-285","page","type-page","status-publish","hentry"],"_links":{"self":[{"href":"https:\/\/kiroma.be\/index.php?rest_route=\/wp\/v2\/pages\/285","targetHints":{"allow":["GET"]}}],"collection":[{"href":"https:\/\/kiroma.be\/index.php?rest_route=\/wp\/v2\/pages"}],"about":[{"href":"https:\/\/kiroma.be\/index.php?rest_route=\/wp\/v2\/types\/page"}],"author":[{"embeddable":true,"href":"https:\/\/kiroma.be\/index.php?rest_route=\/wp\/v2\/users\/1"}],"replies":[{"embeddable":true,"href":"https:\/\/kiroma.be\/index.php?rest_route=%2Fwp%2Fv2%2Fcomments&post=285"}],"version-history":[{"count":8,"href":"https:\/\/kiroma.be\/index.php?rest_route=\/wp\/v2\/pages\/285\/revisions"}],"predecessor-version":[{"id":377,"href":"https:\/\/kiroma.be\/index.php?rest_route=\/wp\/v2\/pages\/285\/revisions\/377"}],"wp:attachment":[{"href":"https:\/\/kiroma.be\/index.php?rest_route=%2Fwp%2Fv2%2Fmedia&parent=285"}],"curies":[{"name":"wp","href":"https:\/\/api.w.org\/{rel}","templated":true}]}}