{"id":474,"date":"2021-01-05T20:37:50","date_gmt":"2021-01-05T20:37:50","guid":{"rendered":"https:\/\/patricia-forton.be\/?page_id=474"},"modified":"2021-04-30T06:19:22","modified_gmt":"2021-04-30T06:19:22","slug":"cabiner-3-2-2","status":"publish","type":"page","link":"https:\/\/kiroma.be\/?page_id=474","title":{"rendered":"Cabinet PRIVE"},"content":{"rendered":"<p>[et_pb_section fb_built=\u00a0\u00bb1&Prime; admin_label=\u00a0\u00bbHeader\u00a0\u00bb _builder_version=\u00a0\u00bb4.4.5&Prime; use_background_color_gradient=\u00a0\u00bbon\u00a0\u00bb background_color_gradient_start=\u00a0\u00bbrgba(255,255,255,0.89)\u00a0\u00bb background_color_gradient_end=\u00a0\u00bbrgba(255,255,255,0)\u00a0\u00bb background_color_gradient_type=\u00a0\u00bbradial\u00a0\u00bb background_color_gradient_direction_radial=\u00a0\u00bbtop left\u00a0\u00bb background_color_gradient_start_position=\u00a0\u00bb30%\u00a0\u00bb background_color_gradient_end_position=\u00a0\u00bb80%\u00a0\u00bb background_color_gradient_overlays_image=\u00a0\u00bbon\u00a0\u00bb background_image=\u00a0\u00bbhttps:\/\/kiroma.be\/wp-content\/uploads\/2020\/05\/kiroma_cabinet-scaled.jpg\u00a0\u00bb custom_padding=\u00a0\u00bb8vw|0px|0|0px|false|false\u00a0\u00bb hover_enabled=\u00a0\u00bb0&Prime; locked=\u00a0\u00bboff\u00a0\u00bb sticky_enabled=\u00a0\u00bb0&Prime;][et_pb_row _builder_version=\u00a0\u00bb3.25&Prime; hover_enabled=\u00a0\u00bb0&Prime; sticky_enabled=\u00a0\u00bb0&Prime;][et_pb_column type=\u00a0\u00bb4_4&Prime; _builder_version=\u00a0\u00bb3.25&Prime; custom_padding=\u00a0\u00bb|||\u00a0\u00bb custom_padding__hover=\u00a0\u00bb|||\u00a0\u00bb][et_pb_text _builder_version=\u00a0\u00bb4.7.7&Prime; text_font=\u00a0\u00bb||||||||\u00a0\u00bb header_font=\u00a0\u00bbRaleway|700|||||||\u00a0\u00bb header_font_size=\u00a0\u00bb80px\u00a0\u00bb header_line_height=\u00a0\u00bb1.2em\u00a0\u00bb header_5_font=\u00a0\u00bbRaleway|700||on|||||\u00a0\u00bb header_5_text_color=\u00a0\u00bb#000000&Prime; header_5_font_size=\u00a0\u00bb20px\u00a0\u00bb header_5_letter_spacing=\u00a0\u00bb0.5em\u00a0\u00bb header_5_line_height=\u00a0\u00bb1.8em\u00a0\u00bb animation_style=\u00a0\u00bbzoom\u00a0\u00bb animation_intensity_zoom=\u00a0\u00bb5%\u00a0\u00bb hover_enabled=\u00a0\u00bb0&Prime; header_font_size_tablet=\u00a0\u00bb48px\u00a0\u00bb header_font_size_phone=\u00a0\u00bb32px\u00a0\u00bb header_font_size_last_edited=\u00a0\u00bbon|phone\u00a0\u00bb header_5_font_size_tablet=\u00a0\u00bb14px\u00a0\u00bb header_5_font_size_phone=\u00a0\u00bb12px\u00a0\u00bb header_5_font_size_last_edited=\u00a0\u00bbon|desktop\u00a0\u00bb sticky_enabled=\u00a0\u00bb0&Prime;]<\/p>\n<h5><\/h5>\n<h1>Cabinet PRIVE<\/h1>\n<p>[\/et_pb_text][\/et_pb_column][\/et_pb_row][et_pb_row column_structure=\u00a0\u00bb1_3,1_3,1_3&Prime; use_custom_gutter=\u00a0\u00bbon\u00a0\u00bb make_equal=\u00a0\u00bbon\u00a0\u00bb custom_padding_last_edited=\u00a0\u00bbon|desktop\u00a0\u00bb _builder_version=\u00a0\u00bb4.4.5&Prime; background_color=\u00a0\u00bb#ffffff\u00a0\u00bb max_width=\u00a0\u00bb80%\u00a0\u00bb module_alignment=\u00a0\u00bbleft\u00a0\u00bb custom_margin=\u00a0\u00bb8vw|2618px||auto|false|\u00a0\u00bb custom_padding=\u00a0\u00bb0|0px|0px|18vw|false|false\u00a0\u00bb custom_padding_tablet=\u00a0\u00bb|||10vw\u00a0\u00bb custom_padding_phone=\u00a0\u00bb\u00a0\u00bb animation_style=\u00a0\u00bbslide\u00a0\u00bb animation_direction=\u00a0\u00bbleft\u00a0\u00bb animation_intensity_slide=\u00a0\u00bb5%\u00a0\u00bb use_custom_width=\u00a0\u00bbon\u00a0\u00bb width_unit=\u00a0\u00bboff\u00a0\u00bb custom_width_percent=\u00a0\u00bb90%\u00a0\u00bb locked=\u00a0\u00bboff\u00a0\u00bb][et_pb_column type=\u00a0\u00bb1_3&Prime; _builder_version=\u00a0\u00bb3.25&Prime; custom_padding=\u00a0\u00bb74px|||\u00a0\u00bb custom_padding_tablet=\u00a0\u00bb40px|||\u00a0\u00bb custom_padding_phone=\u00a0\u00bb20px|||\u00a0\u00bb custom_padding_last_edited=\u00a0\u00bboff|desktop\u00a0\u00bb padding_phone=\u00a0\u00bb20px|||\u00a0\u00bb padding_tablet=\u00a0\u00bb40px|||\u00a0\u00bb padding_last_edited=\u00a0\u00bboff|desktop\u00a0\u00bb custom_padding__hover=\u00a0\u00bb|||\u00a0\u00bb][et_pb_blurb use_icon=\u00a0\u00bbon\u00a0\u00bb font_icon=\u00a0\u00bb%%249%%\u00a0\u00bb icon_color=\u00a0\u00bb#c3cfd6&Prime; icon_placement=\u00a0\u00bbleft\u00a0\u00bb use_icon_font_size=\u00a0\u00bbon\u00a0\u00bb icon_font_size=\u00a0\u00bb24px\u00a0\u00bb _builder_version=\u00a0\u00bb4.7.7&Prime; header_level=\u00a0\u00bbh5&Prime; header_font=\u00a0\u00bbRaleway|700|||||||\u00a0\u00bb header_line_height=\u00a0\u00bb1.4em\u00a0\u00bb locked=\u00a0\u00bboff\u00a0\u00bb]<\/p>\n<h5><strong>Rue de la Vall\u00e9e 2A<\/strong><\/h5>\n<h5><strong>1325 Chaumont-Gistoux<\/strong><\/h5>\n<p>[\/et_pb_blurb][\/et_pb_column][et_pb_column type=\u00a0\u00bb1_3&Prime; _builder_version=\u00a0\u00bb3.25&Prime; custom_padding=\u00a0\u00bb74px|||\u00a0\u00bb custom_padding_tablet=\u00a0\u00bb40px|||\u00a0\u00bb custom_padding_phone=\u00a0\u00bb20px|||\u00a0\u00bb custom_padding_last_edited=\u00a0\u00bboff|desktop\u00a0\u00bb padding_phone=\u00a0\u00bb20px|||\u00a0\u00bb padding_tablet=\u00a0\u00bb40px|||\u00a0\u00bb padding_last_edited=\u00a0\u00bboff|desktop\u00a0\u00bb custom_padding__hover=\u00a0\u00bb|||\u00a0\u00bb][et_pb_blurb title=\u00a0\u00bb+32 475 44 53 58&Prime; use_icon=\u00a0\u00bbon\u00a0\u00bb font_icon=\u00a0\u00bb%%264%%\u00a0\u00bb icon_color=\u00a0\u00bb#c3cfd6&Prime; icon_placement=\u00a0\u00bbleft\u00a0\u00bb use_icon_font_size=\u00a0\u00bbon\u00a0\u00bb icon_font_size=\u00a0\u00bb24px\u00a0\u00bb _builder_version=\u00a0\u00bb4.4.5&Prime; header_level=\u00a0\u00bbh5&Prime; header_font=\u00a0\u00bbRaleway|700|||||||\u00a0\u00bb header_line_height=\u00a0\u00bb1.4em\u00a0\u00bb locked=\u00a0\u00bboff\u00a0\u00bb][\/et_pb_blurb][\/et_pb_column][et_pb_column type=\u00a0\u00bb1_3&Prime; _builder_version=\u00a0\u00bb4.4.5&Prime; background_color=\u00a0\u00bb#b2b9c4&Prime; custom_padding=\u00a0\u00bb|||\u00a0\u00bb custom_padding_tablet=\u00a0\u00bb20px||20px||true\u00a0\u00bb custom_padding_last_edited=\u00a0\u00bboff|desktop\u00a0\u00bb padding_tablet=\u00a0\u00bb20px||20px||true\u00a0\u00bb padding_last_edited=\u00a0\u00bboff|desktop\u00a0\u00bb custom_padding__hover=\u00a0\u00bb|||\u00a0\u00bb][et_pb_button button_url=\u00a0\u00bbhttps:\/\/www.app.oxteo.com:444\/reservation.html\/#\/login\/61B9964B-0098-4790-9602-4BAF6C6616C6&Prime; url_new_window=\u00a0\u00bbon\u00a0\u00bb button_text=\u00a0\u00bbPrendre rendez-vous\u00a0\u00bb button_alignment=\u00a0\u00bbcenter\u00a0\u00bb _builder_version=\u00a0\u00bb4.4.5&Prime; custom_button=\u00a0\u00bbon\u00a0\u00bb button_text_color=\u00a0\u00bb#ffffff\u00a0\u00bb button_bg_color=\u00a0\u00bb#b2b9c4&Prime; button_border_width=\u00a0\u00bb10px\u00a0\u00bb button_border_color=\u00a0\u00bbrgba(0,0,0,0)\u00a0\u00bb button_border_radius=\u00a0\u00bb0px\u00a0\u00bb button_font=\u00a0\u00bbRaleway|700|||||||\u00a0\u00bb custom_padding=\u00a0\u00bb60px||60px||true\u00a0\u00bb button_border_radius_hover=\u00a0\u00bb0px\u00a0\u00bb locked=\u00a0\u00bboff\u00a0\u00bb button_text_size__hover_enabled=\u00a0\u00bboff\u00a0\u00bb button_one_text_size__hover_enabled=\u00a0\u00bboff\u00a0\u00bb button_two_text_size__hover_enabled=\u00a0\u00bboff\u00a0\u00bb button_text_color__hover_enabled=\u00a0\u00bboff\u00a0\u00bb button_one_text_color__hover_enabled=\u00a0\u00bboff\u00a0\u00bb button_two_text_color__hover_enabled=\u00a0\u00bboff\u00a0\u00bb button_border_width__hover_enabled=\u00a0\u00bboff\u00a0\u00bb button_one_border_width__hover_enabled=\u00a0\u00bboff\u00a0\u00bb button_two_border_width__hover_enabled=\u00a0\u00bboff\u00a0\u00bb button_border_color__hover_enabled=\u00a0\u00bboff\u00a0\u00bb button_one_border_color__hover_enabled=\u00a0\u00bboff\u00a0\u00bb button_two_border_color__hover_enabled=\u00a0\u00bboff\u00a0\u00bb button_border_radius__hover_enabled=\u00a0\u00bbon\u00a0\u00bb button_border_radius__hover=\u00a0\u00bb0px\u00a0\u00bb button_one_border_radius__hover_enabled=\u00a0\u00bboff\u00a0\u00bb button_two_border_radius__hover_enabled=\u00a0\u00bboff\u00a0\u00bb button_letter_spacing__hover_enabled=\u00a0\u00bboff\u00a0\u00bb button_one_letter_spacing__hover_enabled=\u00a0\u00bboff\u00a0\u00bb button_two_letter_spacing__hover_enabled=\u00a0\u00bboff\u00a0\u00bb button_bg_color__hover_enabled=\u00a0\u00bboff\u00a0\u00bb button_one_bg_color__hover_enabled=\u00a0\u00bboff\u00a0\u00bb button_two_bg_color__hover_enabled=\u00a0\u00bboff\u00a0\u00bb][\/et_pb_button][\/et_pb_column][\/et_pb_row][\/et_pb_section][et_pb_section fb_built=\u00a0\u00bb1&Prime; _builder_version=\u00a0\u00bb4.4.5&Prime;][et_pb_row column_structure=\u00a0\u00bb3_5,2_5&Prime; _builder_version=\u00a0\u00bb4.4.5&Prime;][et_pb_column type=\u00a0\u00bb3_5&Prime; _builder_version=\u00a0\u00bb4.4.5&Prime;][et_pb_image src=\u00a0\u00bbhttps:\/\/patricia-forton.be\/wp-content\/uploads\/2021\/04\/cabinet_chaumont_gistoux.jpeg\u00a0\u00bb title_text=\u00a0\u00bbcabinet_chaumont_gistoux\u00a0\u00bb _builder_version=\u00a0\u00bb4.9.2&Prime; hover_enabled=\u00a0\u00bb0&Prime; sticky_enabled=\u00a0\u00bb0&Prime;][\/et_pb_image][\/et_pb_column][et_pb_column type=\u00a0\u00bb2_5&Prime; _builder_version=\u00a0\u00bb4.4.5&Prime;][et_pb_image src=\u00a0\u00bbhttps:\/\/patricia-forton.be\/wp-content\/uploads\/2021\/04\/cabinet_chaumont_gistoux_salle_attente.jpeg\u00a0\u00bb title_text=\u00a0\u00bbcabinet_chaumont_gistoux_salle_attente\u00a0\u00bb _builder_version=\u00a0\u00bb4.9.2&Prime; _module_preset=\u00a0\u00bbdefault\u00a0\u00bb max_width=\u00a0\u00bb88.5%\u00a0\u00bb hover_enabled=\u00a0\u00bb0&Prime; sticky_enabled=\u00a0\u00bb0&Prime;][\/et_pb_image][\/et_pb_column][\/et_pb_row][\/et_pb_section][et_pb_section fb_built=\u00a0\u00bb1&Prime; admin_label=\u00a0\u00bbDriving Directions\u00a0\u00bb _builder_version=\u00a0\u00bb4.4.5&Prime;][et_pb_row column_structure=\u00a0\u00bb2_3,1_3&Prime; _builder_version=\u00a0\u00bb4.4.5&Prime;][et_pb_column type=\u00a0\u00bb2_3&Prime; _builder_version=\u00a0\u00bb3.25&Prime; custom_padding=\u00a0\u00bb|||\u00a0\u00bb custom_padding__hover=\u00a0\u00bb|||\u00a0\u00bb][et_pb_text _builder_version=\u00a0\u00bb4.4.5&Prime; text_font=\u00a0\u00bb||||||||\u00a0\u00bb text_font_size=\u00a0\u00bb16px\u00a0\u00bb text_line_height=\u00a0\u00bb2em\u00a0\u00bb header_font=\u00a0\u00bb||||||||\u00a0\u00bb header_2_font=\u00a0\u00bbRaleway|700|||||||\u00a0\u00bb header_2_font_size=\u00a0\u00bb50px\u00a0\u00bb header_2_line_height=\u00a0\u00bb1.4em\u00a0\u00bb header_6_font=\u00a0\u00bbRaleway|700||on|||||\u00a0\u00bb header_6_font_size=\u00a0\u00bb16px\u00a0\u00bb header_6_letter_spacing=\u00a0\u00bb5px\u00a0\u00bb header_6_line_height=\u00a0\u00bb1.8em\u00a0\u00bb max_width=\u00a0\u00bb700px\u00a0\u00bb module_alignment=\u00a0\u00bbcenter\u00a0\u00bb header_2_font_size_tablet=\u00a0\u00bb35px\u00a0\u00bb header_2_font_size_phone=\u00a0\u00bb25px\u00a0\u00bb header_2_font_size_last_edited=\u00a0\u00bbon|phone\u00a0\u00bb]<\/p>\n<h2>Comment vous rendre au cabinet<\/h2>\n<p>[\/et_pb_text][et_pb_text _builder_version=\u00a0\u00bb4.7.7&Prime;]<\/p>\n<h2>Celui-ci est situ\u00e9 \u00e0 deux pas du centre de Chaumont-Gistoux et non loin de mon ancien cabinet des 4 Sapins<\/h2>\n<p>[\/et_pb_text][\/et_pb_column][et_pb_column type=\u00a0\u00bb1_3&Prime; _builder_version=\u00a0\u00bb3.25&Prime; custom_padding=\u00a0\u00bb|||\u00a0\u00bb custom_padding__hover=\u00a0\u00bb|||\u00a0\u00bb][et_pb_image src=\u00a0\u00bbhttps:\/\/kiroma.be\/wp-content\/uploads\/2020\/05\/kiroma_plaque_maison-scaled-e1588354992307.jpg\u00a0\u00bb title_text=\u00a0\u00bbkiroma_plaque_maison\u00a0\u00bb _builder_version=\u00a0\u00bb4.4.5&Prime; border_radii=\u00a0\u00bbon|100%|100%|100%|100%\u00a0\u00bb][\/et_pb_image][\/et_pb_column][\/et_pb_row][et_pb_row column_structure=\u00a0\u00bb1_2,1_2&Prime; _builder_version=\u00a0\u00bb3.25&Prime;][et_pb_column type=\u00a0\u00bb1_2&Prime; _builder_version=\u00a0\u00bb3.25&Prime; custom_padding=\u00a0\u00bb|||\u00a0\u00bb custom_padding__hover=\u00a0\u00bb|||\u00a0\u00bb][et_pb_text _builder_version=\u00a0\u00bb4.7.7&Prime; text_font=\u00a0\u00bb||||||||\u00a0\u00bb ul_font=\u00a0\u00bb||||||||\u00a0\u00bb ul_line_height=\u00a0\u00bb2em\u00a0\u00bb header_font=\u00a0\u00bb||||||||\u00a0\u00bb header_5_font=\u00a0\u00bbRaleway|700|||||||\u00a0\u00bb header_5_font_size=\u00a0\u00bb20px\u00a0\u00bb header_5_line_height=\u00a0\u00bb1.4em\u00a0\u00bb custom_padding=\u00a0\u00bb10px|40px|40px|40px|false|true\u00a0\u00bb header_5_font_size_tablet=\u00a0\u00bb35px\u00a0\u00bb header_5_font_size_phone=\u00a0\u00bb25px\u00a0\u00bb header_5_font_size_last_edited=\u00a0\u00bbon|phone\u00a0\u00bb border_width_all=\u00a0\u00bb2px\u00a0\u00bb border_color_all=\u00a0\u00bb#f5f5f5&Prime;]<\/p>\n<h5>Depuis le centre de Wavre\u00a0(place A. Bosch)<\/h5>\n<ul>\n<li>Prendre la direction sud sur Place Alphonse Bosch\/N239 ver N268 : rue de Namur (600m)<\/li>\n<li>Continuer sur la chauss\u00e9e de Huy\/N243<\/li>\n<li>Passer au dessus de la N25 et continuer direction Chaumont-Gistoux (5,3 km) <\/li>\n<li>En arrivant dans le centre de Chaumont-Gistoux, prendre \u00e0 Gauche juste avant l&rsquo;entreprise Hoslet<\/li>\n<li>Rouler dans la rue Inchebroux jusqu&rsquo; \u00e0 la prochaine intersection en laissant le parc de Gistoux sur votre droite<\/li>\n<li>Le Cabinet sera face \u00e0 vous.<\/li>\n<\/ul>\n<p>[\/et_pb_text][\/et_pb_column][et_pb_column type=\u00a0\u00bb1_2&Prime; _builder_version=\u00a0\u00bb3.25&Prime; custom_padding=\u00a0\u00bb|||\u00a0\u00bb custom_padding__hover=\u00a0\u00bb|||\u00a0\u00bb][et_pb_text _builder_version=\u00a0\u00bb4.7.7&Prime; text_font=\u00a0\u00bb||||||||\u00a0\u00bb ul_font=\u00a0\u00bb||||||||\u00a0\u00bb ul_line_height=\u00a0\u00bb2em\u00a0\u00bb header_font=\u00a0\u00bb||||||||\u00a0\u00bb header_5_font=\u00a0\u00bbRaleway|700|||||||\u00a0\u00bb header_5_font_size=\u00a0\u00bb20px\u00a0\u00bb header_5_line_height=\u00a0\u00bb1.4em\u00a0\u00bb custom_padding=\u00a0\u00bb10px|40px|10px|40px|true|true\u00a0\u00bb header_5_font_size_tablet=\u00a0\u00bb35px\u00a0\u00bb header_5_font_size_phone=\u00a0\u00bb25px\u00a0\u00bb header_5_font_size_last_edited=\u00a0\u00bbon|phone\u00a0\u00bb border_width_all=\u00a0\u00bb2px\u00a0\u00bb border_color_all=\u00a0\u00bb#f5f5f5&Prime;]<\/p>\n<h5>Depuis la E411<\/h5>\n<ul>\n<li>Sortie 8a, Louvranges ou Wavre\/Chaumont-Gistoux<\/li>\n<li>Prendre \u00e0 droite la sortie N243 en direction de Wavre\/Perwez\/Chaumont-Gistoux<\/li>\n<li>Prendre \u00e0 droire sur la chauss\u00e9e de Huy\/N243 en direction de Chaumont-Gistoux (5,3 km) <\/li>\n<li>En arrivant dans le centre de Chaumont-Gistoux, prendre \u00e0 Gauche juste avant l&rsquo;entreprise Hoslet<\/li>\n<li>Rouler dans la rue Inchebroux jusqu&rsquo; \u00e0 la prochaine intersection en laissant le parc de Gistoux sur votre droite<\/li>\n<li>Le Cabinet sera face \u00e0 vous.<\/li>\n<\/ul>\n<p>[\/et_pb_text][\/et_pb_column][\/et_pb_row][et_pb_row column_structure=\u00a0\u00bb1_2,1_2&Prime; _builder_version=\u00a0\u00bb3.25&Prime;][et_pb_column type=\u00a0\u00bb1_2&Prime; _builder_version=\u00a0\u00bb3.25&Prime; custom_padding=\u00a0\u00bb|||\u00a0\u00bb custom_padding__hover=\u00a0\u00bb|||\u00a0\u00bb][et_pb_text _builder_version=\u00a0\u00bb4.7.7&Prime; text_font=\u00a0\u00bb||||||||\u00a0\u00bb ul_font=\u00a0\u00bb||||||||\u00a0\u00bb ul_line_height=\u00a0\u00bb2em\u00a0\u00bb header_font=\u00a0\u00bb||||||||\u00a0\u00bb header_5_font=\u00a0\u00bbRaleway|700|||||||\u00a0\u00bb header_5_font_size=\u00a0\u00bb20px\u00a0\u00bb header_5_line_height=\u00a0\u00bb1.4em\u00a0\u00bb custom_padding=\u00a0\u00bb10px|40px|10px|40px|true|true\u00a0\u00bb header_5_font_size_tablet=\u00a0\u00bb35px\u00a0\u00bb header_5_font_size_phone=\u00a0\u00bb25px\u00a0\u00bb header_5_font_size_last_edited=\u00a0\u00bbon|phone\u00a0\u00bb border_width_all=\u00a0\u00bb2px\u00a0\u00bb border_color_all=\u00a0\u00bb#f5f5f5&Prime;]<\/p>\n<h5>Depuis la N25 (Leuven)<\/h5>\n<ul>\n<li>Prendre la sortie N243 en direction de Perwez\/Wavre\/Chaumont Gistoux (500m)<\/li>\n<li>Prendre \u00e0 gauche (5,3 km) sur la chauss\u00e9e de Huy\/N243 en direction de Chaumont-Gistoux<\/li>\n<li>En arrivant dans le centre de Chaumont-Gistoux, prendre \u00e0 Gauche juste avant l&rsquo;entreprise Hoslet<\/li>\n<li>Rouler dans la rue Inchebroux jusqu&rsquo; \u00e0 la prochaine intersection en laissant le parc de Gistoux sur votre droite<\/li>\n<li>Le Cabinet sera face \u00e0 vous.<\/li>\n<\/ul>\n<p>[\/et_pb_text][\/et_pb_column][et_pb_column type=\u00a0\u00bb1_2&Prime; _builder_version=\u00a0\u00bb3.25&Prime; custom_padding=\u00a0\u00bb|||\u00a0\u00bb custom_padding__hover=\u00a0\u00bb|||\u00a0\u00bb][et_pb_image src=\u00a0\u00bbhttps:\/\/patricia-forton.be\/wp-content\/uploads\/2021\/01\/cabinet_prive_localisation.png\u00a0\u00bb title_text=\u00a0\u00bbcabinet_prive_localisation\u00a0\u00bb _builder_version=\u00a0\u00bb4.7.7&Prime;][\/et_pb_image][\/et_pb_column][\/et_pb_row][et_pb_row column_structure=\u00a0\u00bb1_2,1_2&Prime; _builder_version=\u00a0\u00bb4.4.5&Prime;][et_pb_column type=\u00a0\u00bb1_2&Prime; _builder_version=\u00a0\u00bb4.4.5&Prime;][et_pb_image src=\u00a0\u00bbhttps:\/\/kiroma.be\/wp-content\/uploads\/2020\/05\/googlemaps.jpeg\u00a0\u00bb title_text=\u00a0\u00bbgooglemaps\u00a0\u00bb url=\u00a0\u00bbhttps:\/\/www.google.be\/maps\/dir\/\/Rue+de+la+Vallee+2,+1325+Chaumont-Gistoux\/@50.6958708,4.6375553,13.89z\/data=!4m9!4m8!1m0!1m5!1m1!1s0x47c17b92a62df4b3:0x7b414ac6dde42ecf!2m2!1d4.6964897!2d50.6894542!3e0&Prime; url_new_window=\u00a0\u00bbon\u00a0\u00bb align=\u00a0\u00bbright\u00a0\u00bb _builder_version=\u00a0\u00bb4.7.7&Prime; width=\u00a0\u00bb80px\u00a0\u00bb min_height=\u00a0\u00bb80px\u00a0\u00bb border_radii=\u00a0\u00bbon|100px|100px|100px|100px\u00a0\u00bb box_shadow_style=\u00a0\u00bbpreset2&Prime;][\/et_pb_image][\/et_pb_column][et_pb_column type=\u00a0\u00bb1_2&Prime; _builder_version=\u00a0\u00bb4.4.5&Prime;][et_pb_image src=\u00a0\u00bbhttps:\/\/kiroma.be\/wp-content\/uploads\/2020\/05\/waze.png\u00a0\u00bb title_text=\u00a0\u00bbwaze\u00a0\u00bb url=\u00a0\u00bbhttps:\/\/ul.waze.com\/ul?ll=50.68921820%2C4.69552310&#038;navigate=yes&#038;utm_campaign=iframe+module&#038;utm_source=waze_website&#038;utm_medium=lm_share_location\u00a0\u00bb url_new_window=\u00a0\u00bbon\u00a0\u00bb _builder_version=\u00a0\u00bb4.7.7&Prime; width=\u00a0\u00bb80px\u00a0\u00bb height=\u00a0\u00bb80px\u00a0\u00bb border_radii=\u00a0\u00bbon|100%|100%|100%|100%\u00a0\u00bb box_shadow_style=\u00a0\u00bbpreset2&Prime;][\/et_pb_image][\/et_pb_column][\/et_pb_row][et_pb_row column_structure=\u00a0\u00bb1_2,1_2&Prime; _builder_version=\u00a0\u00bb4.4.5&Prime;][et_pb_column type=\u00a0\u00bb1_2&Prime; _builder_version=\u00a0\u00bb4.4.5&Prime;][et_pb_text _builder_version=\u00a0\u00bb4.7.7&Prime; text_font=\u00a0\u00bb||||||||\u00a0\u00bb text_font_size=\u00a0\u00bb16px\u00a0\u00bb text_line_height=\u00a0\u00bb2em\u00a0\u00bb header_font=\u00a0\u00bb||||||||\u00a0\u00bb header_2_font=\u00a0\u00bbRaleway|700|||||||\u00a0\u00bb header_2_font_size=\u00a0\u00bb50px\u00a0\u00bb header_2_line_height=\u00a0\u00bb1.4em\u00a0\u00bb header_6_font=\u00a0\u00bbRaleway|700||on|||||\u00a0\u00bb header_6_font_size=\u00a0\u00bb16px\u00a0\u00bb header_6_letter_spacing=\u00a0\u00bb5px\u00a0\u00bb header_6_line_height=\u00a0\u00bb1.8em\u00a0\u00bb max_width=\u00a0\u00bb700px\u00a0\u00bb module_alignment=\u00a0\u00bbcenter\u00a0\u00bb hover_enabled=\u00a0\u00bb0&Prime; header_2_font_size_tablet=\u00a0\u00bb35px\u00a0\u00bb header_2_font_size_phone=\u00a0\u00bb25px\u00a0\u00bb header_2_font_size_last_edited=\u00a0\u00bbon|phone\u00a0\u00bb sticky_enabled=\u00a0\u00bb0&Prime;]<\/p>\n<h2>Le parking<\/h2>\n<p class=\"ydp3728641MsoNormal\">Deux places sont r\u00e9serv\u00e9es pour les patients sur le parking de la maison. <\/p>\n<p>[\/et_pb_text][et_pb_image src=\u00a0\u00bbhttps:\/\/patricia-forton.be\/wp-content\/uploads\/2021\/04\/cabinet_chaumon_gistoux_parking.jpeg\u00a0\u00bb title_text=\u00a0\u00bbcabinet_chaumon_gistoux_parking\u00a0\u00bb _builder_version=\u00a0\u00bb4.9.2&Prime; hover_enabled=\u00a0\u00bb0&Prime; sticky_enabled=\u00a0\u00bb0&Prime;][\/et_pb_image][\/et_pb_column][et_pb_column type=\u00a0\u00bb1_2&Prime; _builder_version=\u00a0\u00bb4.4.5&Prime;][et_pb_text _builder_version=\u00a0\u00bb4.9.2&Prime; text_font=\u00a0\u00bb||||||||\u00a0\u00bb text_font_size=\u00a0\u00bb16px\u00a0\u00bb text_line_height=\u00a0\u00bb2em\u00a0\u00bb header_font=\u00a0\u00bb||||||||\u00a0\u00bb header_2_font=\u00a0\u00bbRaleway|700|||||||\u00a0\u00bb header_2_font_size=\u00a0\u00bb50px\u00a0\u00bb header_2_line_height=\u00a0\u00bb1.4em\u00a0\u00bb header_6_font=\u00a0\u00bbRaleway|700||on|||||\u00a0\u00bb header_6_font_size=\u00a0\u00bb16px\u00a0\u00bb header_6_letter_spacing=\u00a0\u00bb5px\u00a0\u00bb header_6_line_height=\u00a0\u00bb1.8em\u00a0\u00bb max_width=\u00a0\u00bb700px\u00a0\u00bb module_alignment=\u00a0\u00bbcenter\u00a0\u00bb hover_enabled=\u00a0\u00bb0&Prime; header_2_font_size_tablet=\u00a0\u00bb35px\u00a0\u00bb header_2_font_size_phone=\u00a0\u00bb25px\u00a0\u00bb header_2_font_size_last_edited=\u00a0\u00bbon|phone\u00a0\u00bb sticky_enabled=\u00a0\u00bb0&Prime;]<\/p>\n<h2>L&rsquo;entr\u00e9e<\/h2>\n<p class=\"ydp3728641MsoNormal\">La porte d&rsquo;entr\u00e9e pour les patients se situe juste \u00e0 gauche des portes de garage. <\/p>\n<p>[\/et_pb_text][et_pb_image src=\u00a0\u00bbhttps:\/\/patricia-forton.be\/wp-content\/uploads\/2021\/04\/cabinet_chaumont_gisoutx_entree_patient.jpeg\u00a0\u00bb _builder_version=\u00a0\u00bb4.9.2&Prime; _module_preset=\u00a0\u00bbdefault\u00a0\u00bb title_text=\u00a0\u00bbcabinet_chaumont_gisoutx_entree_patient\u00a0\u00bb hover_enabled=\u00a0\u00bb0&Prime; sticky_enabled=\u00a0\u00bb0&Prime;][\/et_pb_image][\/et_pb_column][\/et_pb_row][et_pb_row column_structure=\u00a0\u00bb2_3,1_3&Prime; _builder_version=\u00a0\u00bb4.4.5&Prime;][et_pb_column type=\u00a0\u00bb2_3&Prime; _builder_version=\u00a0\u00bb3.25&Prime; custom_padding=\u00a0\u00bb|||\u00a0\u00bb custom_padding__hover=\u00a0\u00bb|||\u00a0\u00bb][et_pb_text _builder_version=\u00a0\u00bb4.4.5&Prime; text_font=\u00a0\u00bb||||||||\u00a0\u00bb text_font_size=\u00a0\u00bb16px\u00a0\u00bb text_line_height=\u00a0\u00bb2em\u00a0\u00bb header_font=\u00a0\u00bb||||||||\u00a0\u00bb header_2_font=\u00a0\u00bbRaleway|700|||||||\u00a0\u00bb header_2_font_size=\u00a0\u00bb50px\u00a0\u00bb header_2_line_height=\u00a0\u00bb1.4em\u00a0\u00bb header_6_font=\u00a0\u00bbRaleway|700||on|||||\u00a0\u00bb header_6_font_size=\u00a0\u00bb16px\u00a0\u00bb header_6_letter_spacing=\u00a0\u00bb5px\u00a0\u00bb header_6_line_height=\u00a0\u00bb1.8em\u00a0\u00bb max_width=\u00a0\u00bb700px\u00a0\u00bb module_alignment=\u00a0\u00bbcenter\u00a0\u00bb header_2_font_size_tablet=\u00a0\u00bb35px\u00a0\u00bb header_2_font_size_phone=\u00a0\u00bb25px\u00a0\u00bb header_2_font_size_last_edited=\u00a0\u00bbon|phone\u00a0\u00bb]<\/p>\n<h2>Le r\u00e8glement de la consultation<\/h2>\n<p class=\"ydpb26bc0a2MsoNormal\">Le r\u00e8glement de la consultation pourra se r\u00e9aliser en cash ou via l\u2019application payconiq.<\/p>\n<p class=\"ydpb26bc0a2MsoNormal\">Par respect mutuel, je m\u2019engage \u00e0 maintenir vos rendez-vous et j\u2019attends la m\u00eame rigueur. Aussi, pour tout rendez-vous manqu\u00e9 et non annul\u00e9 24 heures \u00e0 l\u2019avance (sauf en cas d\u2019urgence, bien s\u00fbr), je me verrai dans l\u2019obligation de demander mes honoraires.<\/p>\n<div>Merci de votre compr\u00e9hension<\/div>\n<p>[\/et_pb_text][\/et_pb_column][et_pb_column type=\u00a0\u00bb1_3&Prime; _builder_version=\u00a0\u00bb3.25&Prime; custom_padding=\u00a0\u00bb|||\u00a0\u00bb custom_padding__hover=\u00a0\u00bb|||\u00a0\u00bb][\/et_pb_column][\/et_pb_row][\/et_pb_section]<\/p>\n","protected":false},"excerpt":{"rendered":"<p>Cabinet PRIVERue de la Vall\u00e9e 2A 1325 Chaumont-GistouxComment vous rendre au cabinetCelui-ci est situ\u00e9 \u00e0 deux pas du centre de Chaumont-Gistoux et non loin de mon ancien cabinet des 4 SapinsDepuis le centre de Wavre\u00a0(place A. Bosch) Prendre la direction sud sur Place Alphonse Bosch\/N239 ver N268 : rue de Namur (600m) Continuer sur la [&hellip;]<\/p>\n","protected":false},"author":1,"featured_media":0,"parent":0,"menu_order":0,"comment_status":"closed","ping_status":"closed","template":"","meta":{"_et_pb_use_builder":"on","_et_pb_old_content":"","_et_gb_content_width":"","footnotes":""},"class_list":["post-474","page","type-page","status-publish","hentry"],"_links":{"self":[{"href":"https:\/\/kiroma.be\/index.php?rest_route=\/wp\/v2\/pages\/474","targetHints":{"allow":["GET"]}}],"collection":[{"href":"https:\/\/kiroma.be\/index.php?rest_route=\/wp\/v2\/pages"}],"about":[{"href":"https:\/\/kiroma.be\/index.php?rest_route=\/wp\/v2\/types\/page"}],"author":[{"embeddable":true,"href":"https:\/\/kiroma.be\/index.php?rest_route=\/wp\/v2\/users\/1"}],"replies":[{"embeddable":true,"href":"https:\/\/kiroma.be\/index.php?rest_route=%2Fwp%2Fv2%2Fcomments&post=474"}],"version-history":[{"count":9,"href":"https:\/\/kiroma.be\/index.php?rest_route=\/wp\/v2\/pages\/474\/revisions"}],"predecessor-version":[{"id":516,"href":"https:\/\/kiroma.be\/index.php?rest_route=\/wp\/v2\/pages\/474\/revisions\/516"}],"wp:attachment":[{"href":"https:\/\/kiroma.be\/index.php?rest_route=%2Fwp%2Fv2%2Fmedia&parent=474"}],"curies":[{"name":"wp","href":"https:\/\/api.w.org\/{rel}","templated":true}]}}